{"id":980,"date":"2025-02-08T11:50:02","date_gmt":"2025-02-08T10:50:02","guid":{"rendered":"https:\/\/spkielnarowa.pl\/?page_id=980"},"modified":"2025-03-28T08:29:21","modified_gmt":"2025-03-28T07:29:21","slug":"rekrutacja-2025-2026","status":"publish","type":"page","link":"https:\/\/spkielnarowa.pl\/index.php\/rekrutacja-2025-2026\/","title":{"rendered":"Rekrutacja 2025\/2026"},"content":{"rendered":"\n<p>Wyniki rekrutacji w zak\u0142adce &#8220;AKTUALNO\u015aCI&#8221;<\/p>\n\n\n\n<p class=\"has-white-color has-vivid-cyan-blue-background-color has-text-color has-background has-link-color wp-elements-f49b277c36edc0e5bdeff54066f4b644\"><strong>Og\u00f3lne zasady:<\/strong><\/p>\n\n\n\n<p><a href=\"https:\/\/spkielnarowa.pl\/wp-content\/uploads\/2025\/02\/zasady-zapisu.pdf\" target=\"_blank\" rel=\"noreferrer noopener\">Zasady zapisu dzieci do Szko\u0142y Podstawowej w Kielnarowej na rok szkolny 2025\/2026<\/a><\/p>\n\n\n\n<p><a href=\"https:\/\/spkielnarowa.pl\/wp-content\/uploads\/2025\/02\/Zarzadzenie-burmistrza-2025.pdf\" target=\"_blank\" rel=\"noreferrer noopener\">Zarz\u0105dzenie nr 3.2025 Burmistrza Tyczyna z dnia 16.01.2025<\/a><\/p>\n\n\n\n<p><\/p>\n\n\n\n<p class=\"has-white-color has-vivid-cyan-blue-background-color has-text-color has-background has-link-color wp-elements-fceecbfe4606daab1184cbcd2befcf5f\"><strong>Za\u0142\u0105czniki:<\/strong><\/p>\n\n\n\n<p><a href=\"https:\/\/spkielnarowa.pl\/wp-content\/uploads\/2025\/02\/szkola.pdf\" target=\"_blank\" rel=\"noreferrer noopener\">Zg\u0142oszenie kandydata do klasy &#8230; Szko\u0142y Podstawowej w Kielnarowej na rok szkolny 2025\/2026<\/a><\/p>\n\n\n\n<p><a href=\"https:\/\/spkielnarowa.pl\/wp-content\/uploads\/2025\/02\/oddzial.pdf\" target=\"_blank\" rel=\"noreferrer noopener\">Wniosek o przyj\u0119cie dziecka do oddzia\u0142u przedszkolnego przy Szkole Podstawowej w Kielnarowej<\/a><\/p>\n\n\n\n<p><a href=\"https:\/\/spkielnarowa.pl\/wp-content\/uploads\/2025\/02\/Potwierdzenie-woli-przyjecia-do-klasy-I-lub-oddzialu-przedszkolnego.pdf\" target=\"_blank\" rel=\"noreferrer noopener\">Potwierdzenie woli przyj\u0119cia do klasy I lub oddzia\u0142u przedszkolnego przy Szkole Podstawowej w Kielnarowej<\/a><\/p>\n\n\n\n<p><\/p>\n","protected":false},"excerpt":{"rendered":"<p>Wyniki rekrutacji w zak\u0142adce &#8220;AKTUALNO\u015aCI&#8221; Og\u00f3lne zasady: Zasady zapisu dzieci do Szko\u0142y Podstawowej w Kielnarowej na rok szkolny 2025\/2026 Zarz\u0105dzenie nr 3.2025 Burmistrza Tyczyna z dnia 16.01.2025 Za\u0142\u0105czniki: Zg\u0142oszenie kandydata do klasy &#8230; Szko\u0142y Podstawowej w Kielnarowej na rok szkolny 2025\/2026 Wniosek o przyj\u0119cie dziecka do oddzia\u0142u przedszkolnego przy Szkole Podstawowej w Kielnarowej Potwierdzenie woli [&hellip;]<\/p>\n","protected":false},"author":2,"featured_media":0,"parent":0,"menu_order":0,"comment_status":"closed","ping_status":"closed","template":"","meta":{"ngg_post_thumbnail":0,"footnotes":""},"class_list":["post-980","page","type-page","status-publish","czr-hentry"],"ams_acf":[],"_links":{"self":[{"href":"https:\/\/spkielnarowa.pl\/index.php\/wp-json\/wp\/v2\/pages\/980","targetHints":{"allow":["GET"]}}],"collection":[{"href":"https:\/\/spkielnarowa.pl\/index.php\/wp-json\/wp\/v2\/pages"}],"about":[{"href":"https:\/\/spkielnarowa.pl\/index.php\/wp-json\/wp\/v2\/types\/page"}],"author":[{"embeddable":true,"href":"https:\/\/spkielnarowa.pl\/index.php\/wp-json\/wp\/v2\/users\/2"}],"replies":[{"embeddable":true,"href":"https:\/\/spkielnarowa.pl\/index.php\/wp-json\/wp\/v2\/comments?post=980"}],"version-history":[{"count":5,"href":"https:\/\/spkielnarowa.pl\/index.php\/wp-json\/wp\/v2\/pages\/980\/revisions"}],"predecessor-version":[{"id":1003,"href":"https:\/\/spkielnarowa.pl\/index.php\/wp-json\/wp\/v2\/pages\/980\/revisions\/1003"}],"wp:attachment":[{"href":"https:\/\/spkielnarowa.pl\/index.php\/wp-json\/wp\/v2\/media?parent=980"}],"curies":[{"name":"wp","href":"https:\/\/api.w.org\/{rel}","templated":true}]}}