{"id":839,"date":"2024-06-18T10:51:02","date_gmt":"2024-06-18T08:51:02","guid":{"rendered":"https:\/\/spkielnarowa.pl\/?page_id=839"},"modified":"2024-06-18T11:03:33","modified_gmt":"2024-06-18T09:03:33","slug":"ii-turniej-akrobatyczny-edu-cup-mielec-2024","status":"publish","type":"page","link":"https:\/\/spkielnarowa.pl\/index.php\/ii-turniej-akrobatyczny-edu-cup-mielec-2024\/","title":{"rendered":"II Turniej Akrobatyczny EDU CUP &#8211; Mielec 2024"},"content":{"rendered":"\n<p>W sobot\u0119 odby\u0142y si\u0119 kolejne zawody w akrobatyce sportowej w Mielcu \ud83d\ude00<br>To by\u0142y ostatnie zawody w roku szkolnym 2023\/2024<\/p>\n\n\n\n<p>\ud83e\udd47\ud83e\udd47\ud83e\udd47 1 miejsce zaj\u0119\u0142a Lenka Wo\u017aniak, Klara Wn\u0119trzak i Emilka&nbsp; Dobrza\u0144ska.<\/p>\n\n\n\n<p>\ud83e\udd48\ud83e\udd48\ud83e\udd48 2 miejsce zaj\u0119\u0142y Agatka Janda oraz Zuzia Bacior.<\/p>\n\n\n\n<p class=\"has-text-align-center\"><strong>Serdecznie gratulujemy!!!<\/strong><\/p>\n\n\n\n<!-- default-view.php -->\n<div\n\tclass=\"ngg-galleryoverview default-view \n\t\t\"\n\tid=\"ngg-gallery-89cbe72a0b44ac7921db1c003e4407be-1\">\n\n\t\t<!-- Thumbnails -->\n\t\t\t\t<div id=\"ngg-image-0\" class=\"ngg-gallery-thumbnail-box \n\t\t\t\t\t\t\t\t\t\t\t\" \n\t\t\t>\n\t\t\t\t\t\t<div class=\"ngg-gallery-thumbnail\">\n\t\t\t<a href=\"https:\/\/spkielnarowa.pl\/wp-content\/gallery\/akrobatyka-mielec\/FB_IMG_1718559300594.jpg\"\n\t\t\t\ttitle=\"\"\n\t\t\t\tdata-src=\"https:\/\/spkielnarowa.pl\/wp-content\/gallery\/akrobatyka-mielec\/FB_IMG_1718559300594.jpg\"\n\t\t\t\tdata-thumbnail=\"https:\/\/spkielnarowa.pl\/wp-content\/gallery\/akrobatyka-mielec\/thumbs\/thumbs_FB_IMG_1718559300594.jpg\"\n\t\t\t\tdata-image-id=\"78\"\n\t\t\t\tdata-title=\"FB_IMG_1718559300594\"\n\t\t\t\tdata-description=\"\"\n\t\t\t\tdata-image-slug=\"fb_img_1718559300594\"\n\t\t\t\tclass=\"ngg-simplelightbox\" rel=\"89cbe72a0b44ac7921db1c003e4407be\">\n\t\t\t\t<img\n\t\t\t\t\ttitle=\"FB_IMG_1718559300594\"\n\t\t\t\t\talt=\"FB_IMG_1718559300594\"\n\t\t\t\t\tsrc=\"https:\/\/spkielnarowa.pl\/wp-content\/gallery\/akrobatyka-mielec\/thumbs\/thumbs_FB_IMG_1718559300594.jpg\"\n\t\t\t\t\twidth=\"240\"\n\t\t\t\t\theight=\"160\"\n\t\t\t\t\tstyle=\"max-width:100%;\"\n\t\t\t\t\/>\n\t\t\t<\/a>\n\t\t<\/div>\n\t\t\t\t\t\t\t<\/div> \n\t\t\t\n\t\t\t\t<div id=\"ngg-image-1\" class=\"ngg-gallery-thumbnail-box \n\t\t\t\t\t\t\t\t\t\t\t\" \n\t\t\t>\n\t\t\t\t\t\t<div class=\"ngg-gallery-thumbnail\">\n\t\t\t<a href=\"https:\/\/spkielnarowa.pl\/wp-content\/gallery\/akrobatyka-mielec\/received_1187908015540596.jpeg\"\n\t\t\t\ttitle=\"\"\n\t\t\t\tdata-src=\"https:\/\/spkielnarowa.pl\/wp-content\/gallery\/akrobatyka-mielec\/received_1187908015540596.jpeg\"\n\t\t\t\tdata-thumbnail=\"https:\/\/spkielnarowa.pl\/wp-content\/gallery\/akrobatyka-mielec\/thumbs\/thumbs_received_1187908015540596.jpeg\"\n\t\t\t\tdata-image-id=\"79\"\n\t\t\t\tdata-title=\"received_1187908015540596\"\n\t\t\t\tdata-description=\"\"\n\t\t\t\tdata-image-slug=\"received_1187908015540596\"\n\t\t\t\tclass=\"ngg-simplelightbox\" rel=\"89cbe72a0b44ac7921db1c003e4407be\">\n\t\t\t\t<img\n\t\t\t\t\ttitle=\"received_1187908015540596\"\n\t\t\t\t\talt=\"received_1187908015540596\"\n\t\t\t\t\tsrc=\"https:\/\/spkielnarowa.pl\/wp-content\/gallery\/akrobatyka-mielec\/thumbs\/thumbs_received_1187908015540596.jpeg\"\n\t\t\t\t\twidth=\"240\"\n\t\t\t\t\theight=\"160\"\n\t\t\t\t\tstyle=\"max-width:100%;\"\n\t\t\t\t\/>\n\t\t\t<\/a>\n\t\t<\/div>\n\t\t\t\t\t\t\t<\/div> \n\t\t\t\n\t\n\t<br style=\"clear: both\" \/>\n\n\t\n\t\t<!-- Pagination -->\n\t\t<div class='ngg-clear'><\/div>\t<\/div>\n\n","protected":false},"excerpt":{"rendered":"<p>W sobot\u0119 odby\u0142y si\u0119 kolejne zawody w akrobatyce sportowej w Mielcu \ud83d\ude00To by\u0142y ostatnie zawody w roku szkolnym 2023\/2024 \ud83e\udd47\ud83e\udd47\ud83e\udd47 1 miejsce zaj\u0119\u0142a Lenka Wo\u017aniak, Klara Wn\u0119trzak i Emilka&nbsp; Dobrza\u0144ska. \ud83e\udd48\ud83e\udd48\ud83e\udd48 2 miejsce zaj\u0119\u0142y Agatka Janda oraz Zuzia Bacior. Serdecznie gratulujemy!!!<\/p>\n","protected":false},"author":2,"featured_media":0,"parent":0,"menu_order":0,"comment_status":"closed","ping_status":"closed","template":"","meta":{"ngg_post_thumbnail":0,"footnotes":""},"class_list":["post-839","page","type-page","status-publish","czr-hentry"],"ams_acf":[],"_links":{"self":[{"href":"https:\/\/spkielnarowa.pl\/index.php\/wp-json\/wp\/v2\/pages\/839","targetHints":{"allow":["GET"]}}],"collection":[{"href":"https:\/\/spkielnarowa.pl\/index.php\/wp-json\/wp\/v2\/pages"}],"about":[{"href":"https:\/\/spkielnarowa.pl\/index.php\/wp-json\/wp\/v2\/types\/page"}],"author":[{"embeddable":true,"href":"https:\/\/spkielnarowa.pl\/index.php\/wp-json\/wp\/v2\/users\/2"}],"replies":[{"embeddable":true,"href":"https:\/\/spkielnarowa.pl\/index.php\/wp-json\/wp\/v2\/comments?post=839"}],"version-history":[{"count":4,"href":"https:\/\/spkielnarowa.pl\/index.php\/wp-json\/wp\/v2\/pages\/839\/revisions"}],"predecessor-version":[{"id":851,"href":"https:\/\/spkielnarowa.pl\/index.php\/wp-json\/wp\/v2\/pages\/839\/revisions\/851"}],"wp:attachment":[{"href":"https:\/\/spkielnarowa.pl\/index.php\/wp-json\/wp\/v2\/media?parent=839"}],"curies":[{"name":"wp","href":"https:\/\/api.w.org\/{rel}","templated":true}]}}