{"id":2997,"date":"2026-02-27T10:38:47","date_gmt":"2026-02-27T09:38:47","guid":{"rendered":"https:\/\/spkielnarowa.pl\/?page_id=2997"},"modified":"2026-02-27T10:52:47","modified_gmt":"2026-02-27T09:52:47","slug":"e-dziecko","status":"publish","type":"page","link":"https:\/\/spkielnarowa.pl\/index.php\/e-dziecko\/","title":{"rendered":"e-Dziecko"},"content":{"rendered":"\n<p>Od marca 2026 r. uruchamiamy aplikacj\u0119 e- Dziecko dla rodzic\u00f3w dzieci korzystaj\u0105cych ze szkolnych obiad\u00f3w. Przez wychowawc\u00f3w klas przekazane zastan\u0105 karteczki z danymi do logowania. Poni\u017cej instrukcja jak poprawnie zalogowa\u0107 si\u0119 w systemie. W razie problem\u00f3w, prosimy o zg\u0142oszenie si\u0119 do sekretariatu.<\/p>\n\n\n\n<p class=\"has-cyan-bluish-gray-background-color has-background\"><strong>1.&nbsp;&nbsp; <\/strong><strong>Logowanie do systemu<\/strong><\/p>\n\n\n\n<p>Logowania do systemu e-Dziecko dokonujemy na pomoc\u0105 strony internetowej <\/p>\n\n\n\n<p><a href=\"https:\/\/edziecko.edu.pl\">https:\/\/edziecko.edu.pl<\/a><\/p>\n\n\n\n<p class=\"has-white-background-color has-background\">login: <strong>uniwersalny login<\/strong><\/p>\n\n\n\n<p class=\"has-white-background-color has-background\">has\u0142o: <strong>imi\u0119 dziecka<\/strong>\u00a0 (Pierwsza litera &#8211; du\u017ca)<\/p>\n\n\n\n<p><strong>UWAGA !<\/strong> <em>Po zalogowaniu mo\u017cna zmieni\u0107 has\u0142o.<\/em>&nbsp;<br><img decoding=\"async\" alt=\"\" src=\"https:\/\/zs1nienadowka.szkolna.net\/pliki\/obraz\/strona1s.png\"><\/p>\n\n\n\n<h1 class=\"wp-block-heading has-cyan-bluish-gray-background-color has-background has-medium-font-size\"><strong>2. <\/strong><strong>Zamawianie kart przez rodzic\u00f3w<\/strong><\/h1>\n\n\n\n<p>Po zalogowaniu si\u0119 do panelu rodzica wybierz zak\u0142adk\u0119 <strong>Karty<\/strong>.<\/p>\n\n\n\n<p><strong>Dalej post\u0119puj zgodnie z \u201einstrukcj\u0105 zamawiania kart\u201d.<\/strong><\/p>\n\n\n\n<figure class=\"wp-block-image\"><img decoding=\"async\" src=\"https:\/\/zs1nienadowka.szkolna.net\/pliki\/obraz\/strona2.png\" alt=\"\"\/><\/figure>\n\n\n\n<h1 class=\"wp-block-heading has-cyan-bluish-gray-background-color has-background has-medium-font-size\"><strong>3. P\u0142atno\u015bci on-line<\/strong><\/h1>\n\n\n\n<p>Zalety systemu p\u0142atno\u015bci online:<\/p>\n\n\n\n<ul class=\"wp-block-list\">\n<li>Wp\u0142aty s\u0105 automatycznie przesy\u0142ane na konto\/konta bankowe plac\u00f3wki. System umo\u017cliwia r\u00f3wnie\u017c automatyczne rozbicie op\u0142aty na osobne przelewy np. za opiek\u0119 i \u017cywienie.<\/li>\n\n\n\n<li>Wp\u0142aty s\u0105 automatycznie ksi\u0119gowane w systemie eDziecko. Nie ma potrzeby r\u0119cznego przepisywania kwot przelew\u00f3w z wyci\u0105gu bankowego do systemu eDziecko, ale rodzice, kt\u00f3rzy nadal chc\u0105 robi\u0107 tradycyjne przelewy, nadal mog\u0105 je robi\u0107.<\/li>\n\n\n\n<li>Automatyczna kompensacja wp\u0142at. Je\u015bli rodzic posiada np. nadp\u0142at\u0119 za opiek\u0119 +20z\u0142 i nale\u017cno\u015b\u0107 za \u017cywieniu -120z\u0142, to jego saldo wynosi -100z\u0142 (do zap\u0142aty ma 100z\u0142). Robi\u0105c wp\u0142at\u0119 online, system automatycznie zaksi\u0119guje wp\u0142at\u0119 100z\u0142 i dodatkowo zrobi kompensacj\u0119 na koncie.<br><strong>Op\u0142ata za p\u0142atno\u015b\u0107 online wynosi 1,99 z\u0142.<\/strong><\/li>\n<\/ul>\n\n\n\n<figure class=\"wp-block-image\"><img decoding=\"async\" src=\"https:\/\/zs1nienadowka.szkolna.net\/pliki\/obraz\/strona3.png\" alt=\"\"\/><\/figure>\n\n\n\n<p>UWAGA !<\/p>\n\n\n\n<p>Logowanie do systemu eDziecko&nbsp;mo\u017cliwe jest za pomoc\u0105 loginu (numer karty)<br>i has\u0142a (imi\u0119 dziecka, bez zdrobnie\u0144) lub wpisaniu zmienionego przez siebie has\u0142a.&nbsp;<\/p>\n\n\n\n<p><strong>Kwota p\u0142atno\u015bci widoczna jest po wybraniu panelu &lt;Rozliczenie&gt;.<\/strong><\/p>\n\n\n\n<h1 class=\"wp-block-heading has-cyan-bluish-gray-background-color has-background has-medium-font-size\"><strong>4. <\/strong><strong>Zg\u0142aszanie nieobecno\u015bci dziecka na obiadach<\/strong><\/h1>\n\n\n\n<p>Rodzic, po zalogowaniu si\u0119 w aplikacji mo\u017ce zg\u0142osi\u0107 nieobecno\u015b\u0107 swojego dziecka, dzi\u0119ki czemu szko\u0142a wie, \u017ce nie nale\u017cy przygotowywa\u0107 dla niego posi\u0142ku, a rodzic nie p\u0142aci za niego.<\/p>\n\n\n\n<p>Na podstawie zg\u0142oszonych nieobecno\u015bci oraz innych informacji&nbsp; (np. pomoc spo\u0142eczna) system oblicza i prezentuje rodzicowi koszty \u017cywienia, kt\u00f3re mog\u0105 by\u0107 przez niego op\u0142acone online i automatycznie zaksi\u0119gowane w systemie.<\/p>\n\n\n\n<figure class=\"wp-block-image\"><img decoding=\"async\" src=\"https:\/\/zs1nienadowka.szkolna.net\/pliki\/obraz\/strona4.png\" alt=\"\"\/><\/figure>\n\n\n\n<h2 class=\"wp-block-heading has-cyan-bluish-gray-background-color has-background\">ZA\u0141\u0104CZNIKI:<\/h2>\n\n\n\n<div class=\"wp-block-file\"><a id=\"wp-block-file--media-e1d7635d-db90-4160-854c-004b2095327f\" href=\"https:\/\/spkielnarowa.pl\/wp-content\/uploads\/2026\/02\/INSTRUKCJA_UZYTKOWANIA_APLIKACJI_E-DZIECKO.pdf\">INSTRUKCJA_U\u017bYTKOWANIA_APLIKACJI_E-DZIECKO<\/a><\/div>\n\n\n\n<p><\/p>\n","protected":false},"excerpt":{"rendered":"<p>Od marca 2026 r. uruchamiamy aplikacj\u0119 e- Dziecko dla rodzic\u00f3w dzieci korzystaj\u0105cych ze szkolnych obiad\u00f3w. Przez wychowawc\u00f3w klas przekazane zastan\u0105 karteczki z danymi do logowania. Poni\u017cej instrukcja jak poprawnie zalogowa\u0107 si\u0119 w systemie. W razie problem\u00f3w, prosimy o zg\u0142oszenie si\u0119 do sekretariatu. 1.&nbsp;&nbsp; Logowanie do systemu Logowania do systemu e-Dziecko dokonujemy na pomoc\u0105 strony internetowej [&hellip;]<\/p>\n","protected":false},"author":6,"featured_media":0,"parent":0,"menu_order":0,"comment_status":"closed","ping_status":"closed","template":"","meta":{"ngg_post_thumbnail":0,"footnotes":""},"class_list":["post-2997","page","type-page","status-publish","czr-hentry"],"ams_acf":[],"_links":{"self":[{"href":"https:\/\/spkielnarowa.pl\/index.php\/wp-json\/wp\/v2\/pages\/2997","targetHints":{"allow":["GET"]}}],"collection":[{"href":"https:\/\/spkielnarowa.pl\/index.php\/wp-json\/wp\/v2\/pages"}],"about":[{"href":"https:\/\/spkielnarowa.pl\/index.php\/wp-json\/wp\/v2\/types\/page"}],"author":[{"embeddable":true,"href":"https:\/\/spkielnarowa.pl\/index.php\/wp-json\/wp\/v2\/users\/6"}],"replies":[{"embeddable":true,"href":"https:\/\/spkielnarowa.pl\/index.php\/wp-json\/wp\/v2\/comments?post=2997"}],"version-history":[{"count":5,"href":"https:\/\/spkielnarowa.pl\/index.php\/wp-json\/wp\/v2\/pages\/2997\/revisions"}],"predecessor-version":[{"id":3010,"href":"https:\/\/spkielnarowa.pl\/index.php\/wp-json\/wp\/v2\/pages\/2997\/revisions\/3010"}],"wp:attachment":[{"href":"https:\/\/spkielnarowa.pl\/index.php\/wp-json\/wp\/v2\/media?parent=2997"}],"curies":[{"name":"wp","href":"https:\/\/api.w.org\/{rel}","templated":true}]}}