{"id":1875,"date":"2025-12-01T19:08:25","date_gmt":"2025-12-01T18:08:25","guid":{"rendered":"https:\/\/spkielnarowa.pl\/?page_id=1875"},"modified":"2026-01-30T16:32:32","modified_gmt":"2026-01-30T15:32:32","slug":"rekrutacja","status":"publish","type":"page","link":"https:\/\/spkielnarowa.pl\/index.php\/rekrutacja\/","title":{"rendered":"REKRUTACJA NA ROK SZKOLNY 2026\/27"},"content":{"rendered":"\n<p class=\"has-text-align-center has-pale-cyan-blue-background-color has-background\"><strong>W<\/strong><strong>A\u017bNE INFORMACJE<\/strong><\/p>\n\n\n\n<div class=\"wp-block-file\"><a id=\"wp-block-file--media-0e0cda67-003d-4219-936b-3cc8c21ba9d1\" href=\"https:\/\/spkielnarowa.pl\/wp-content\/uploads\/2026\/01\/Zarzadzenie-nr-13.2026-z-dnia-26.01.2026-r-1.pdf\">ZARZADZENIE BURMISTRZA TYCZYNA W SPRAWIE USTALENIA TERMINOW REKRUTACJI<\/a><\/div>\n\n\n\n<div class=\"wp-block-file\"><a id=\"wp-block-file--media-006e00fe-26d2-4236-a57e-46f59ce52d33\" href=\"https:\/\/spkielnarowa.pl\/wp-content\/uploads\/2026\/01\/VII-51-2019-sieci-szkol.pdf\">TRESC UCHWA\u0141Y VII-51-2019 W SPRAWIE USTALENIA SIECI SZK\u00d3\u0141 GMINNYCH I GRANIC OBWOD\u00d3W<\/a><\/div>\n\n\n\n<div class=\"wp-block-file\"><a id=\"wp-block-file--media-c1423e06-7c67-4ae9-a2b5-0137d4669060\" href=\"https:\/\/spkielnarowa.pl\/wp-content\/uploads\/2026\/01\/UCHWALA_NR_XLVI.322.18_w_sprawie_zasad_i_kryteriow-1.pdf\">TRESC UCHWA\u0141Y_NR_XLVI.322.18 W SPRAWIE USTALENIA ZASAD I KRYTERI\u00d3W REKRUTACJI<\/a><\/div>\n\n\n\n<p><\/p>\n","protected":false},"excerpt":{"rendered":"<p>WA\u017bNE INFORMACJE<\/p>\n","protected":false},"author":6,"featured_media":0,"parent":0,"menu_order":0,"comment_status":"closed","ping_status":"closed","template":"","meta":{"ngg_post_thumbnail":0,"footnotes":""},"class_list":["post-1875","page","type-page","status-publish","czr-hentry"],"ams_acf":[],"_links":{"self":[{"href":"https:\/\/spkielnarowa.pl\/index.php\/wp-json\/wp\/v2\/pages\/1875","targetHints":{"allow":["GET"]}}],"collection":[{"href":"https:\/\/spkielnarowa.pl\/index.php\/wp-json\/wp\/v2\/pages"}],"about":[{"href":"https:\/\/spkielnarowa.pl\/index.php\/wp-json\/wp\/v2\/types\/page"}],"author":[{"embeddable":true,"href":"https:\/\/spkielnarowa.pl\/index.php\/wp-json\/wp\/v2\/users\/6"}],"replies":[{"embeddable":true,"href":"https:\/\/spkielnarowa.pl\/index.php\/wp-json\/wp\/v2\/comments?post=1875"}],"version-history":[{"count":5,"href":"https:\/\/spkielnarowa.pl\/index.php\/wp-json\/wp\/v2\/pages\/1875\/revisions"}],"predecessor-version":[{"id":2906,"href":"https:\/\/spkielnarowa.pl\/index.php\/wp-json\/wp\/v2\/pages\/1875\/revisions\/2906"}],"wp:attachment":[{"href":"https:\/\/spkielnarowa.pl\/index.php\/wp-json\/wp\/v2\/media?parent=1875"}],"curies":[{"name":"wp","href":"https:\/\/api.w.org\/{rel}","templated":true}]}}